{"id":1039,"date":"2021-12-21T20:12:56","date_gmt":"2021-12-21T20:12:56","guid":{"rendered":"https:\/\/startersites.io\/elementor\/homi\/?page_id=1039"},"modified":"2026-01-28T13:35:37","modified_gmt":"2026-01-28T13:35:37","slug":"sustentabilidade","status":"publish","type":"page","link":"https:\/\/comfortandinnovations.com\/en\/sustentabilidade\/","title":{"rendered":"Sustainability"},"content":{"rendered":"<div data-elementor-type=\"wp-page\" data-elementor-id=\"1039\" class=\"elementor elementor-1039\">\n\t\t\t\t<div class=\"elementor-element elementor-element-3496c1ae e-flex e-con-boxed e-con e-child\" data-id=\"3496c1ae\" data-element_type=\"container\" data-e-type=\"container\" data-settings=\"{&quot;background_background&quot;:&quot;classic&quot;}\">\n\t\t\t\t\t<div class=\"e-con-inner\">\n\t\t\t\t<div class=\"elementor-element elementor-element-13348d05 elementor-widget elementor-widget-heading\" data-id=\"13348d05\" data-element_type=\"widget\" data-e-type=\"widget\" data-widget_type=\"heading.default\">\n\t\t\t\t<div class=\"elementor-widget-container\">\n\t\t\t\t\t<h2 class=\"elementor-heading-title elementor-size-default translation-block\"><span style=\"color: #0078b5\">Sustainable <\/span>production and consumption<\/h2>\t\t\t\t<\/div>\n\t\t\t\t<\/div>\n\t\t\t\t<div class=\"elementor-element elementor-element-6f40abc2 elementor-widget__width-initial elementor-widget elementor-widget-text-editor\" data-id=\"6f40abc2\" data-element_type=\"widget\" data-e-type=\"widget\" data-widget_type=\"text-editor.default\">\n\t\t\t\t<div class=\"elementor-widget-container\">\n\t\t\t\t\t\t\t\t\t<p>At Comfort and Innovations, we believe that sustainability is a commitment to the future. We work to offer increasingly responsible production, promoting conscious choices throughout our value chain.<\/p>\t\t\t\t\t\t\t\t<\/div>\n\t\t\t\t<\/div>\n\t\t\t\t<div class=\"elementor-element elementor-element-322e6d70 elementor-widget__width-initial elementor-widget elementor-widget-text-editor\" data-id=\"322e6d70\" data-element_type=\"widget\" data-e-type=\"widget\" data-widget_type=\"text-editor.default\">\n\t\t\t\t<div class=\"elementor-widget-container\">\n\t\t\t\t\t\t\t\t\t<p>We know that being part of the global supply chain involves understanding the planet's challenges and acting responsibly. Therefore, we seek solutions that combine quality, innovation, and respect for the environment. Cotton is our main raw material, and sustainable cultivation is essential for us. For this reason, we are members of the Better Cotton Initiative (BCI) program, reinforcing our commitment to practices that value people and the planet.<\/p>\t\t\t\t\t\t\t\t<\/div>\n\t\t\t\t<\/div>\n\t\t<div class=\"elementor-element elementor-element-2222803 e-grid e-con-full e-con e-child\" data-id=\"2222803\" data-element_type=\"container\" data-e-type=\"container\">\n\t\t\t\t<div class=\"elementor-element elementor-element-c3d69c7 elementor-widget elementor-widget-image\" data-id=\"c3d69c7\" data-element_type=\"widget\" data-e-type=\"widget\" data-widget_type=\"image.default\">\n\t\t\t\t<div class=\"elementor-widget-container\">\n\t\t\t\t\t\t\t\t\t\t\t\t\t\t\t<img decoding=\"async\" width=\"150\" height=\"146\" src=\"https:\/\/comfortandinnovations.com\/wp-content\/uploads\/2026\/01\/8186CIT.png\" class=\"attachment-thumbnail size-thumbnail wp-image-2975\" alt=\"\" \/>\t\t\t\t\t\t\t\t\t\t\t\t\t\t\t<\/div>\n\t\t\t\t<\/div>\n\t\t\t\t<div class=\"elementor-element elementor-element-d32b10f elementor-widget elementor-widget-image\" data-id=\"d32b10f\" data-element_type=\"widget\" data-e-type=\"widget\" data-widget_type=\"image.default\">\n\t\t\t\t<div class=\"elementor-widget-container\">\n\t\t\t\t\t\t\t\t\t\t\t\t\t\t\t<img decoding=\"async\" width=\"135\" height=\"150\" src=\"https:\/\/comfortandinnovations.com\/wp-content\/uploads\/2026\/01\/GOTS_.png\" class=\"attachment-thumbnail size-thumbnail wp-image-2976\" alt=\"\" \/>\t\t\t\t\t\t\t\t\t\t\t\t\t\t\t<\/div>\n\t\t\t\t<\/div>\n\t\t\t\t<\/div>\n\t\t\t\t\t<\/div>\n\t\t\t\t<\/div>\n\t\t\t\t<\/div>","protected":false},"excerpt":{"rendered":"<p>Produ\u00e7\u00e3o e consumo sustent\u00e1vel Na comfort and innovations, acreditamos que sustentabilidade \u00e9 um compromisso com o futuro. Trabalhamos para oferecer produ\u00e7\u00f5es cada vez mais respons\u00e1veis, promovendo escolhas conscientes em toda a nossa cadeia de valor. Sabemos que fazer parte da cadeia global de fornecimento implica compreender os desafios do planeta e agir com responsabilidade. Por [&hellip;]<\/p>\n","protected":false},"author":1,"featured_media":0,"parent":0,"menu_order":0,"comment_status":"closed","ping_status":"closed","template":"","meta":{"footnotes":""},"class_list":["post-1039","page","type-page","status-publish","hentry"],"blocksy_meta":{"styles_descriptor":{"styles":{"desktop":"","tablet":"","mobile":""},"google_fonts":[],"version":6}},"_links":{"self":[{"href":"https:\/\/comfortandinnovations.com\/en\/wp-json\/wp\/v2\/pages\/1039","targetHints":{"allow":["GET"]}}],"collection":[{"href":"https:\/\/comfortandinnovations.com\/en\/wp-json\/wp\/v2\/pages"}],"about":[{"href":"https:\/\/comfortandinnovations.com\/en\/wp-json\/wp\/v2\/types\/page"}],"author":[{"embeddable":true,"href":"https:\/\/comfortandinnovations.com\/en\/wp-json\/wp\/v2\/users\/1"}],"replies":[{"embeddable":true,"href":"https:\/\/comfortandinnovations.com\/en\/wp-json\/wp\/v2\/comments?post=1039"}],"version-history":[{"count":182,"href":"https:\/\/comfortandinnovations.com\/en\/wp-json\/wp\/v2\/pages\/1039\/revisions"}],"predecessor-version":[{"id":3077,"href":"https:\/\/comfortandinnovations.com\/en\/wp-json\/wp\/v2\/pages\/1039\/revisions\/3077"}],"wp:attachment":[{"href":"https:\/\/comfortandinnovations.com\/en\/wp-json\/wp\/v2\/media?parent=1039"}],"curies":[{"name":"wp","href":"https:\/\/api.w.org\/{rel}","templated":true}]}}